{"id":102,"date":"2024-08-22T12:46:55","date_gmt":"2024-08-22T15:46:55","guid":{"rendered":"https:\/\/alliancesas.com.ar\/noche-segura\/?page_id=102"},"modified":"2024-08-29T16:17:58","modified_gmt":"2024-08-29T19:17:58","slug":"inicio","status":"publish","type":"page","link":"https:\/\/alliancesas.com.ar\/noche-segura\/","title":{"rendered":"Inicio"},"content":{"rendered":"\t\t<div data-elementor-type=\"wp-page\" data-elementor-id=\"102\" class=\"elementor elementor-102\" data-elementor-post-type=\"page\">\n\t\t\t\t<div class=\"elementor-element elementor-element-2f908e9 e-flex e-con-boxed e-con e-parent\" data-id=\"2f908e9\" data-element_type=\"container\" data-e-type=\"container\">\n\t\t\t\t\t<div class=\"e-con-inner\">\n\t\t\t\t<div class=\"elementor-element elementor-element-81e7dd5 elementor-widget elementor-widget-image\" data-id=\"81e7dd5\" data-element_type=\"widget\" data-e-type=\"widget\" data-widget_type=\"image.default\">\n\t\t\t\t<div class=\"elementor-widget-container\">\n\t\t\t\t\t\t\t\t\t\t\t\t\t\t\t<img fetchpriority=\"high\" decoding=\"async\" width=\"800\" height=\"188\" src=\"https:\/\/alliancesas.com.ar\/noche-segura\/wp-content\/uploads\/2024\/08\/Noche-segura-1-1024x240.webp\" class=\"attachment-large size-large wp-image-247\" alt=\"\" srcset=\"https:\/\/alliancesas.com.ar\/noche-segura\/wp-content\/uploads\/2024\/08\/Noche-segura-1-1024x240.webp 1024w, https:\/\/alliancesas.com.ar\/noche-segura\/wp-content\/uploads\/2024\/08\/Noche-segura-1-300x70.webp 300w, https:\/\/alliancesas.com.ar\/noche-segura\/wp-content\/uploads\/2024\/08\/Noche-segura-1-768x180.webp 768w, https:\/\/alliancesas.com.ar\/noche-segura\/wp-content\/uploads\/2024\/08\/Noche-segura-1.webp 1167w\" sizes=\"(max-width: 800px) 100vw, 800px\" \/>\t\t\t\t\t\t\t\t\t\t\t\t\t\t\t<\/div>\n\t\t\t\t<\/div>\n\t\t\t\t\t<\/div>\n\t\t\t\t<\/div>\n\t\t<div class=\"elementor-element elementor-element-78b28c5 e-flex e-con-boxed e-con e-parent\" data-id=\"78b28c5\" data-element_type=\"container\" data-e-type=\"container\">\n\t\t\t\t\t<div class=\"e-con-inner\">\n\t\t<div class=\"elementor-element elementor-element-05bfa15 e-con-full e-flex e-con e-child\" data-id=\"05bfa15\" data-element_type=\"container\" data-e-type=\"container\" data-settings=\"{&quot;background_background&quot;:&quot;classic&quot;}\">\n\t\t\t\t<div class=\"elementor-element elementor-element-30e313c elementor-widget elementor-widget-theme-site-logo elementor-widget-image\" data-id=\"30e313c\" data-element_type=\"widget\" data-e-type=\"widget\" data-widget_type=\"theme-site-logo.default\">\n\t\t\t\t<div class=\"elementor-widget-container\">\n\t\t\t\t\t\t\t\t\t\t\t<a href=\"https:\/\/alliancesas.com.ar\/noche-segura\">\n\t\t\t<img decoding=\"async\" width=\"520\" height=\"70\" src=\"https:\/\/alliancesas.com.ar\/noche-segura\/wp-content\/uploads\/2024\/08\/logo-alliance.webp\" class=\"attachment-full size-full wp-image-19\" alt=\"Logo Grupo Alliance\" srcset=\"https:\/\/alliancesas.com.ar\/noche-segura\/wp-content\/uploads\/2024\/08\/logo-alliance.webp 520w, https:\/\/alliancesas.com.ar\/noche-segura\/wp-content\/uploads\/2024\/08\/logo-alliance-300x40.webp 300w\" sizes=\"(max-width: 520px) 100vw, 520px\" \/>\t\t\t\t<\/a>\n\t\t\t\t\t\t\t\t\t\t\t<\/div>\n\t\t\t\t<\/div>\n\t\t\t\t<\/div>\n\t\t\t\t\t<\/div>\n\t\t\t\t<\/div>\n\t\t<div class=\"elementor-element elementor-element-86b7055 e-con-full e-flex e-con e-parent\" data-id=\"86b7055\" data-element_type=\"container\" data-e-type=\"container\" data-settings=\"{&quot;background_background&quot;:&quot;classic&quot;}\">\n\t\t\t\t<div class=\"elementor-element elementor-element-d954843 elementor-widget elementor-widget-heading\" data-id=\"d954843\" data-element_type=\"widget\" data-e-type=\"widget\" data-widget_type=\"heading.default\">\n\t\t\t\t<div class=\"elementor-widget-container\">\n\t\t\t\t\t<h1 class=\"elementor-heading-title elementor-size-default\">Somos los responsables de las cuatro principales discos de Bariloche.<\/h1>\t\t\t\t<\/div>\n\t\t\t\t<\/div>\n\t\t\t\t<\/div>\n\t\t<div class=\"elementor-element elementor-element-f91a16d e-flex e-con-boxed e-con e-parent\" data-id=\"f91a16d\" data-element_type=\"container\" data-e-type=\"container\">\n\t\t\t\t\t<div class=\"e-con-inner\">\n\t\t<div class=\"elementor-element elementor-element-999b2be e-con-full e-flex e-con e-child\" data-id=\"999b2be\" data-element_type=\"container\" data-e-type=\"container\" data-settings=\"{&quot;background_background&quot;:&quot;classic&quot;}\">\n\t\t<div class=\"elementor-element elementor-element-52a71e2 e-grid e-con-full e-con e-child\" data-id=\"52a71e2\" data-element_type=\"container\" data-e-type=\"container\">\n\t\t\t\t<div class=\"elementor-element elementor-element-7a5cadc elementor-widget elementor-widget-image\" data-id=\"7a5cadc\" data-element_type=\"widget\" data-e-type=\"widget\" data-widget_type=\"image.default\">\n\t\t\t\t<div class=\"elementor-widget-container\">\n\t\t\t\t\t\t\t\t\t\t\t\t\t\t\t\t<a href=\"https:\/\/bypass.com.ar\" target=\"_blank\">\n\t\t\t\t\t\t\t<img decoding=\"async\" width=\"192\" height=\"141\" src=\"https:\/\/alliancesas.com.ar\/noche-segura\/wp-content\/uploads\/2024\/08\/logo-bypass-black.webp\" class=\"attachment-large size-large wp-image-116\" alt=\"\" \/>\t\t\t\t\t\t\t\t<\/a>\n\t\t\t\t\t\t\t\t\t\t\t\t\t\t\t<\/div>\n\t\t\t\t<\/div>\n\t\t\t\t<div class=\"elementor-element elementor-element-b4d562a elementor-widget elementor-widget-image\" data-id=\"b4d562a\" data-element_type=\"widget\" data-e-type=\"widget\" data-widget_type=\"image.default\">\n\t\t\t\t<div class=\"elementor-widget-container\">\n\t\t\t\t\t\t\t\t\t\t\t\t\t\t\t\t<a href=\"https:\/\/cerebro.com.ar\" target=\"_blank\">\n\t\t\t\t\t\t\t<img loading=\"lazy\" decoding=\"async\" width=\"192\" height=\"141\" src=\"https:\/\/alliancesas.com.ar\/noche-segura\/wp-content\/uploads\/2024\/08\/logo-cerebro-black.webp\" class=\"attachment-large size-large wp-image-117\" alt=\"\" \/>\t\t\t\t\t\t\t\t<\/a>\n\t\t\t\t\t\t\t\t\t\t\t\t\t\t\t<\/div>\n\t\t\t\t<\/div>\n\t\t\t\t<div class=\"elementor-element elementor-element-d8eeb1f elementor-widget elementor-widget-image\" data-id=\"d8eeb1f\" data-element_type=\"widget\" data-e-type=\"widget\" data-widget_type=\"image.default\">\n\t\t\t\t<div class=\"elementor-widget-container\">\n\t\t\t\t\t\t\t\t\t\t\t\t\t\t\t\t<a href=\"https:\/\/roket.com\" target=\"_blank\">\n\t\t\t\t\t\t\t<img loading=\"lazy\" decoding=\"async\" width=\"192\" height=\"141\" src=\"https:\/\/alliancesas.com.ar\/noche-segura\/wp-content\/uploads\/2024\/08\/logo-roket-black.webp\" class=\"attachment-large size-large wp-image-118\" alt=\"\" \/>\t\t\t\t\t\t\t\t<\/a>\n\t\t\t\t\t\t\t\t\t\t\t\t\t\t\t<\/div>\n\t\t\t\t<\/div>\n\t\t\t\t<div class=\"elementor-element elementor-element-9644808 elementor-widget elementor-widget-image\" data-id=\"9644808\" data-element_type=\"widget\" data-e-type=\"widget\" data-widget_type=\"image.default\">\n\t\t\t\t<div class=\"elementor-widget-container\">\n\t\t\t\t\t\t\t\t\t\t\t\t\t\t\t\t<a href=\"https:\/\/genux.com.ar\" target=\"_blank\">\n\t\t\t\t\t\t\t<img loading=\"lazy\" decoding=\"async\" width=\"192\" height=\"141\" src=\"https:\/\/alliancesas.com.ar\/noche-segura\/wp-content\/uploads\/2024\/08\/logo-genux-black.webp\" class=\"attachment-large size-large wp-image-115\" alt=\"\" \/>\t\t\t\t\t\t\t\t<\/a>\n\t\t\t\t\t\t\t\t\t\t\t\t\t\t\t<\/div>\n\t\t\t\t<\/div>\n\t\t\t\t<\/div>\n\t\t\t\t<\/div>\n\t\t\t\t\t<\/div>\n\t\t\t\t<\/div>\n\t\t<div class=\"elementor-element elementor-element-45f0226 elementor-hidden-mobile e-flex e-con-boxed e-con e-parent\" data-id=\"45f0226\" data-element_type=\"container\" data-e-type=\"container\">\n\t\t\t\t\t<div class=\"e-con-inner\">\n\t\t<div class=\"elementor-element elementor-element-1cbf8dc e-con-full e-flex e-con e-child\" data-id=\"1cbf8dc\" data-element_type=\"container\" data-e-type=\"container\" data-settings=\"{&quot;background_background&quot;:&quot;classic&quot;}\">\n\t\t<div class=\"elementor-element elementor-element-68c74a6 e-con-full e-flex e-con e-child\" data-id=\"68c74a6\" data-element_type=\"container\" data-e-type=\"container\">\n\t\t\t\t<div class=\"elementor-element elementor-element-b842a59 elementor-widget elementor-widget-text-editor\" data-id=\"b842a59\" data-element_type=\"widget\" data-e-type=\"widget\" data-widget_type=\"text-editor.default\">\n\t\t\t\t<div class=\"elementor-widget-container\">\n\t\t\t\t\t\t\t\t\tCreamos el <strong>Sello Noche Segura<\/strong> como pol\u00edtica para <strong>cuidar a tu hijo en nuestras discos.<\/strong> Adem\u00e1s nuestras instalaciones y procedimientos de seguridad est\u00e1n certificados por las normas IRAM.\t\t\t\t\t\t\t\t<\/div>\n\t\t\t\t<\/div>\n\t\t\t\t<\/div>\n\t\t<div class=\"elementor-element elementor-element-0d3027b e-con-full e-flex e-con e-child\" data-id=\"0d3027b\" data-element_type=\"container\" data-e-type=\"container\">\n\t\t\t\t<div class=\"elementor-element elementor-element-bd12821 elementor-widget elementor-widget-image\" data-id=\"bd12821\" data-element_type=\"widget\" data-e-type=\"widget\" data-widget_type=\"image.default\">\n\t\t\t\t<div class=\"elementor-widget-container\">\n\t\t\t\t\t\t\t\t\t\t\t\t\t\t\t<img loading=\"lazy\" decoding=\"async\" width=\"405\" height=\"405\" src=\"https:\/\/alliancesas.com.ar\/noche-segura\/wp-content\/uploads\/2024\/08\/ALL_SELLO_NOCHE_SEGURA-03_1_11zon_11zon_11zon.webp\" class=\"attachment-large size-large wp-image-220\" alt=\"\" srcset=\"https:\/\/alliancesas.com.ar\/noche-segura\/wp-content\/uploads\/2024\/08\/ALL_SELLO_NOCHE_SEGURA-03_1_11zon_11zon_11zon.webp 405w, https:\/\/alliancesas.com.ar\/noche-segura\/wp-content\/uploads\/2024\/08\/ALL_SELLO_NOCHE_SEGURA-03_1_11zon_11zon_11zon-300x300.webp 300w, https:\/\/alliancesas.com.ar\/noche-segura\/wp-content\/uploads\/2024\/08\/ALL_SELLO_NOCHE_SEGURA-03_1_11zon_11zon_11zon-150x150.webp 150w\" sizes=\"(max-width: 405px) 100vw, 405px\" \/>\t\t\t\t\t\t\t\t\t\t\t\t\t\t\t<\/div>\n\t\t\t\t<\/div>\n\t\t\t\t<\/div>\n\t\t<div class=\"elementor-element elementor-element-bb44f21 e-con-full e-flex e-con e-child\" data-id=\"bb44f21\" data-element_type=\"container\" data-e-type=\"container\">\n\t\t<div class=\"elementor-element elementor-element-5f1b38b e-con-full e-flex e-con e-child\" data-id=\"5f1b38b\" data-element_type=\"container\" data-e-type=\"container\">\n\t\t\t\t<div class=\"elementor-element elementor-element-b1c0bca elementor-widget elementor-widget-image\" data-id=\"b1c0bca\" data-element_type=\"widget\" data-e-type=\"widget\" data-widget_type=\"image.default\">\n\t\t\t\t<div class=\"elementor-widget-container\">\n\t\t\t\t\t\t\t\t\t\t\t\t\t\t\t<img loading=\"lazy\" decoding=\"async\" width=\"1\" height=\"1\" src=\"https:\/\/alliancesas.com.ar\/noche-segura\/wp-content\/uploads\/2024\/08\/GESTION-SST-1.svg\" class=\"attachment-large size-large wp-image-127\" alt=\"\" \/>\t\t\t\t\t\t\t\t\t\t\t\t\t\t\t<\/div>\n\t\t\t\t<\/div>\n\t\t\t\t<div class=\"elementor-element elementor-element-4edb7d4 elementor-widget elementor-widget-image\" data-id=\"4edb7d4\" data-element_type=\"widget\" data-e-type=\"widget\" data-widget_type=\"image.default\">\n\t\t\t\t<div class=\"elementor-widget-container\">\n\t\t\t\t\t\t\t\t\t\t\t\t\t\t\t<img loading=\"lazy\" decoding=\"async\" width=\"1\" height=\"1\" src=\"https:\/\/alliancesas.com.ar\/noche-segura\/wp-content\/uploads\/2024\/08\/GESTION-DE-LA-CALIDAD-2.svg\" class=\"attachment-large size-large wp-image-126\" alt=\"\" \/>\t\t\t\t\t\t\t\t\t\t\t\t\t\t\t<\/div>\n\t\t\t\t<\/div>\n\t\t\t\t<\/div>\n\t\t<div class=\"elementor-element elementor-element-acc1c6a e-con-full e-flex e-con e-child\" data-id=\"acc1c6a\" data-element_type=\"container\" data-e-type=\"container\">\n\t\t\t\t<div class=\"elementor-element elementor-element-b1e974a elementor-widget elementor-widget-heading\" data-id=\"b1e974a\" data-element_type=\"widget\" data-e-type=\"widget\" data-widget_type=\"heading.default\">\n\t\t\t\t<div class=\"elementor-widget-container\">\n\t\t\t\t\t<h2 class=\"elementor-heading-title elementor-size-default\">Actuamos bajo las Normas ISO 9001 e ISO 45001 en sus versiones vigentes.<\/h2>\t\t\t\t<\/div>\n\t\t\t\t<\/div>\n\t\t\t\t<div class=\"elementor-element elementor-element-5fee7a8 elementor-widget elementor-widget-button\" data-id=\"5fee7a8\" data-element_type=\"widget\" data-e-type=\"widget\" data-widget_type=\"button.default\">\n\t\t\t\t<div class=\"elementor-widget-container\">\n\t\t\t\t\t\t\t\t\t<div class=\"elementor-button-wrapper\">\n\t\t\t\t\t<a class=\"elementor-button elementor-button-link elementor-size-sm\" href=\"#elementor-action%3Aaction%3Dpopup%3Aopen%26settings%3DeyJpZCI6IjM4IiwidG9nZ2xlIjpmYWxzZX0%3D\">\n\t\t\t\t\t\t<span class=\"elementor-button-content-wrapper\">\n\t\t\t\t\t\t\t\t\t<span class=\"elementor-button-text\">Ver m\u00e1s<\/span>\n\t\t\t\t\t<\/span>\n\t\t\t\t\t<\/a>\n\t\t\t\t<\/div>\n\t\t\t\t\t\t\t\t<\/div>\n\t\t\t\t<\/div>\n\t\t\t\t<\/div>\n\t\t\t\t<\/div>\n\t\t\t\t<\/div>\n\t\t\t\t\t<\/div>\n\t\t\t\t<\/div>\n\t\t<div class=\"elementor-element elementor-element-1013372 elementor-hidden-desktop elementor-hidden-tablet e-flex e-con-boxed e-con e-parent\" data-id=\"1013372\" data-element_type=\"container\" data-e-type=\"container\">\n\t\t\t\t\t<div class=\"e-con-inner\">\n\t\t<div class=\"elementor-element elementor-element-bf3e2df e-con-full e-flex e-con e-child\" data-id=\"bf3e2df\" data-element_type=\"container\" data-e-type=\"container\" data-settings=\"{&quot;background_background&quot;:&quot;classic&quot;}\">\n\t\t\t\t<div class=\"elementor-element elementor-element-cb197a6 elementor-widget elementor-widget-image\" data-id=\"cb197a6\" data-element_type=\"widget\" data-e-type=\"widget\" data-widget_type=\"image.default\">\n\t\t\t\t<div class=\"elementor-widget-container\">\n\t\t\t\t\t\t\t\t\t\t\t\t\t\t\t<img loading=\"lazy\" decoding=\"async\" width=\"405\" height=\"405\" src=\"https:\/\/alliancesas.com.ar\/noche-segura\/wp-content\/uploads\/2024\/08\/ALL_SELLO_NOCHE_SEGURA-03_1_11zon_11zon_11zon.webp\" class=\"attachment-large size-large wp-image-220\" alt=\"\" srcset=\"https:\/\/alliancesas.com.ar\/noche-segura\/wp-content\/uploads\/2024\/08\/ALL_SELLO_NOCHE_SEGURA-03_1_11zon_11zon_11zon.webp 405w, https:\/\/alliancesas.com.ar\/noche-segura\/wp-content\/uploads\/2024\/08\/ALL_SELLO_NOCHE_SEGURA-03_1_11zon_11zon_11zon-300x300.webp 300w, https:\/\/alliancesas.com.ar\/noche-segura\/wp-content\/uploads\/2024\/08\/ALL_SELLO_NOCHE_SEGURA-03_1_11zon_11zon_11zon-150x150.webp 150w\" sizes=\"(max-width: 405px) 100vw, 405px\" \/>\t\t\t\t\t\t\t\t\t\t\t\t\t\t\t<\/div>\n\t\t\t\t<\/div>\n\t\t\t\t<div class=\"elementor-element elementor-element-da16edb elementor-widget elementor-widget-text-editor\" data-id=\"da16edb\" data-element_type=\"widget\" data-e-type=\"widget\" data-widget_type=\"text-editor.default\">\n\t\t\t\t<div class=\"elementor-widget-container\">\n\t\t\t\t\t\t\t\t\tCreamos el <strong>Sello Noche Segura<\/strong> como pol\u00edtica para <strong>cuidar a tu hijo en nuestras discos.<\/strong> Adem\u00e1s nuestras instalaciones y procedimientos de seguridad est\u00e1n certificados por las normas IRAM.\t\t\t\t\t\t\t\t<\/div>\n\t\t\t\t<\/div>\n\t\t<div class=\"elementor-element elementor-element-64c7724 e-con-full e-flex e-con e-child\" data-id=\"64c7724\" data-element_type=\"container\" data-e-type=\"container\">\n\t\t\t\t<div class=\"elementor-element elementor-element-ae2822a elementor-widget elementor-widget-image\" data-id=\"ae2822a\" data-element_type=\"widget\" data-e-type=\"widget\" data-widget_type=\"image.default\">\n\t\t\t\t<div class=\"elementor-widget-container\">\n\t\t\t\t\t\t\t\t\t\t\t\t\t\t\t<img loading=\"lazy\" decoding=\"async\" width=\"1\" height=\"1\" src=\"https:\/\/alliancesas.com.ar\/noche-segura\/wp-content\/uploads\/2024\/08\/GESTION-SST-1.svg\" class=\"attachment-large size-large wp-image-127\" alt=\"\" \/>\t\t\t\t\t\t\t\t\t\t\t\t\t\t\t<\/div>\n\t\t\t\t<\/div>\n\t\t\t\t<div class=\"elementor-element elementor-element-92a9ccb elementor-widget elementor-widget-image\" data-id=\"92a9ccb\" data-element_type=\"widget\" data-e-type=\"widget\" data-widget_type=\"image.default\">\n\t\t\t\t<div class=\"elementor-widget-container\">\n\t\t\t\t\t\t\t\t\t\t\t\t\t\t\t<img loading=\"lazy\" decoding=\"async\" width=\"1\" height=\"1\" src=\"https:\/\/alliancesas.com.ar\/noche-segura\/wp-content\/uploads\/2024\/08\/GESTION-DE-LA-CALIDAD-2.svg\" class=\"attachment-large size-large wp-image-126\" alt=\"\" \/>\t\t\t\t\t\t\t\t\t\t\t\t\t\t\t<\/div>\n\t\t\t\t<\/div>\n\t\t\t\t<\/div>\n\t\t\t\t<div class=\"elementor-element elementor-element-43403e8 elementor-widget elementor-widget-heading\" data-id=\"43403e8\" data-element_type=\"widget\" data-e-type=\"widget\" data-widget_type=\"heading.default\">\n\t\t\t\t<div class=\"elementor-widget-container\">\n\t\t\t\t\t<h2 class=\"elementor-heading-title elementor-size-default\">Actuamos bajo las Normas ISO 9001 e ISO 45001 en sus versiones vigentes.<\/h2>\t\t\t\t<\/div>\n\t\t\t\t<\/div>\n\t\t\t\t<div class=\"elementor-element elementor-element-308083f elementor-mobile-align-center elementor-widget elementor-widget-button\" data-id=\"308083f\" data-element_type=\"widget\" data-e-type=\"widget\" data-widget_type=\"button.default\">\n\t\t\t\t<div class=\"elementor-widget-container\">\n\t\t\t\t\t\t\t\t\t<div class=\"elementor-button-wrapper\">\n\t\t\t\t\t<a class=\"elementor-button elementor-button-link elementor-size-sm\" href=\"#elementor-action%3Aaction%3Dpopup%3Aopen%26settings%3DeyJpZCI6IjM4IiwidG9nZ2xlIjpmYWxzZX0%3D\">\n\t\t\t\t\t\t<span class=\"elementor-button-content-wrapper\">\n\t\t\t\t\t\t\t\t\t<span class=\"elementor-button-text\">Ver m\u00e1s<\/span>\n\t\t\t\t\t<\/span>\n\t\t\t\t\t<\/a>\n\t\t\t\t<\/div>\n\t\t\t\t\t\t\t\t<\/div>\n\t\t\t\t<\/div>\n\t\t\t\t<\/div>\n\t\t\t\t\t<\/div>\n\t\t\t\t<\/div>\n\t\t<div class=\"elementor-element elementor-element-2c54fdf e-flex e-con-boxed e-con e-parent\" data-id=\"2c54fdf\" data-element_type=\"container\" data-e-type=\"container\">\n\t\t\t\t\t<div class=\"e-con-inner\">\n\t\t<div class=\"elementor-element elementor-element-5abd1da e-con-full e-flex e-con e-child\" data-id=\"5abd1da\" data-element_type=\"container\" data-e-type=\"container\" data-settings=\"{&quot;background_background&quot;:&quot;classic&quot;}\">\n\t\t<div class=\"elementor-element elementor-element-e110b9a e-con-full e-flex e-con e-child\" data-id=\"e110b9a\" data-element_type=\"container\" data-e-type=\"container\">\n\t\t\t\t<div class=\"elementor-element elementor-element-461f564 elementor-widget elementor-widget-heading\" data-id=\"461f564\" data-element_type=\"widget\" data-e-type=\"widget\" data-widget_type=\"heading.default\">\n\t\t\t\t<div class=\"elementor-widget-container\">\n\t\t\t\t\t<h1 class=\"elementor-heading-title elementor-size-default\">En nuestras discos:<\/h1>\t\t\t\t<\/div>\n\t\t\t\t<\/div>\n\t\t\t\t<div class=\"elementor-element elementor-element-b7d1a29 elementor-widget elementor-widget-text-editor\" data-id=\"b7d1a29\" data-element_type=\"widget\" data-e-type=\"widget\" data-widget_type=\"text-editor.default\">\n\t\t\t\t<div class=\"elementor-widget-container\">\n\t\t\t\t\t\t\t\t\t<p>\u00b7 No vendemos alcohol a estudiantes sin DNI.<\/p><p>\u00b7 Admitimos \u00fanicamente egresados.<\/p><p>\u00b7 Los j\u00f3venes tienen un precinto digital para registrar su ingreso.<\/p><p>\u00b7 Los guardarropas funcionan con seguro electr\u00f3nico.<\/p>\t\t\t\t\t\t\t\t<\/div>\n\t\t\t\t<\/div>\n\t\t\t\t<\/div>\n\t\t<div class=\"elementor-element elementor-element-1b9a92f e-con-full e-flex e-con e-child\" data-id=\"1b9a92f\" data-element_type=\"container\" data-e-type=\"container\" data-settings=\"{&quot;background_background&quot;:&quot;classic&quot;}\">\n\t\t\t\t<div class=\"elementor-element elementor-element-60ebbcd elementor-widget elementor-widget-heading\" data-id=\"60ebbcd\" data-element_type=\"widget\" data-e-type=\"widget\" data-widget_type=\"heading.default\">\n\t\t\t\t<div class=\"elementor-widget-container\">\n\t\t\t\t\t<h2 class=\"elementor-heading-title elementor-size-default\">Si t\u00e9nes alguna duda<\/h2>\t\t\t\t<\/div>\n\t\t\t\t<\/div>\n\t\t\t\t<div class=\"elementor-element elementor-element-dbff96b elementor-align-center elementor-widget elementor-widget-button\" data-id=\"dbff96b\" data-element_type=\"widget\" data-e-type=\"widget\" data-widget_type=\"button.default\">\n\t\t\t\t<div class=\"elementor-widget-container\">\n\t\t\t\t\t\t\t\t\t<div class=\"elementor-button-wrapper\">\n\t\t\t\t\t<a class=\"elementor-button elementor-button-link elementor-size-sm\" href=\"tel:0294-4420549\" tel=\"\">\n\t\t\t\t\t\t<span class=\"elementor-button-content-wrapper\">\n\t\t\t\t\t\t\t\t\t<span class=\"elementor-button-text\">Contactanos<\/span>\n\t\t\t\t\t<\/span>\n\t\t\t\t\t<\/a>\n\t\t\t\t<\/div>\n\t\t\t\t\t\t\t\t<\/div>\n\t\t\t\t<\/div>\n\t\t\t\t<\/div>\n\t\t\t\t<\/div>\n\t\t\t\t\t<\/div>\n\t\t\t\t<\/div>\n\t\t\t\t<\/div>\n\t\t","protected":false},"excerpt":{"rendered":"<p>Somos los responsables de las cuatro principales discos de Bariloche. Creamos el Sello Noche Segura como pol\u00edtica para cuidar a tu hijo en nuestras discos. Adem\u00e1s nuestras instalaciones y procedimientos de seguridad est\u00e1n certificados por las normas IRAM. Actuamos bajo las Normas ISO 9001 e ISO 45001 en sus versiones vigentes. Ver m\u00e1s Creamos el [&hellip;]<\/p>\n","protected":false},"author":2,"featured_media":0,"parent":0,"menu_order":0,"comment_status":"closed","ping_status":"closed","template":"","meta":{"footnotes":""},"class_list":["post-102","page","type-page","status-publish","hentry"],"_links":{"self":[{"href":"https:\/\/alliancesas.com.ar\/noche-segura\/wp-json\/wp\/v2\/pages\/102","targetHints":{"allow":["GET"]}}],"collection":[{"href":"https:\/\/alliancesas.com.ar\/noche-segura\/wp-json\/wp\/v2\/pages"}],"about":[{"href":"https:\/\/alliancesas.com.ar\/noche-segura\/wp-json\/wp\/v2\/types\/page"}],"author":[{"embeddable":true,"href":"https:\/\/alliancesas.com.ar\/noche-segura\/wp-json\/wp\/v2\/users\/2"}],"replies":[{"embeddable":true,"href":"https:\/\/alliancesas.com.ar\/noche-segura\/wp-json\/wp\/v2\/comments?post=102"}],"version-history":[{"count":130,"href":"https:\/\/alliancesas.com.ar\/noche-segura\/wp-json\/wp\/v2\/pages\/102\/revisions"}],"predecessor-version":[{"id":266,"href":"https:\/\/alliancesas.com.ar\/noche-segura\/wp-json\/wp\/v2\/pages\/102\/revisions\/266"}],"wp:attachment":[{"href":"https:\/\/alliancesas.com.ar\/noche-segura\/wp-json\/wp\/v2\/media?parent=102"}],"curies":[{"name":"wp","href":"https:\/\/api.w.org\/{rel}","templated":true}]}}